{"id":30273,"date":"2022-10-15T01:47:07","date_gmt":"2022-10-14T22:47:07","guid":{"rendered":"http:\/\/2023eleusis.eu?page_id=30273"},"modified":"2022-12-08T12:49:46","modified_gmt":"2022-12-08T09:49:46","slug":"anthropos-koinonia","status":"publish","type":"page","link":"https:\/\/2023eleusis.eu\/en\/thematikoi-axones-2\/anthropos-koinonia\/","title":{"rendered":"People\/Society"},"content":{"rendered":"<p>\u039f \u03c0\u03c1\u03ce\u03c4\u03bf\u03c2 \u03ac\u03be\u03bf\u03bd\u03b1\u03c2 \u03b4\u03b9\u03b1\u03c4\u03c1\u03ad\u03c7\u03b5\u03b9 \u03c4\u03bf \u03bd\u03ae\u03bc\u03b1 \u03c4\u03b7\u03c2 \u03b5\u03be\u03ad\u03bb\u03b9\u03be\u03b7\u03c2 \u03c4\u03b7\u03c2 \u03ba\u03bf\u03b9\u03bd\u03c9\u03bd\u03af\u03b1\u03c2 \u03b1\u03c0\u03cc \u03c4\u03b7\u03bd \u03b1\u03c1\u03c7\u03b1\u03b9\u03cc\u03c4\u03b7\u03c4\u03b1 \u03c9\u03c2 \u03c3\u03ae\u03bc\u03b5\u03c1\u03b1, \u03c0\u03c1\u03bf\u03ba\u03b5\u03b9\u03bc\u03ad\u03bd\u03bf\u03c5 \u03bd\u03b1 \u03c3\u03c5\u03bd\u03b4\u03ad\u03c3\u03b5\u03b9 \u03c4\u03bf \u03b1\u03bb\u03bb\u03cc\u03c4\u03c1\u03b9\u03bf \u03bc\u03b5 \u03c4\u03bf \u03bf\u03b9\u03ba\u03b5\u03af\u03bf, \u03bd\u03b1 \u03b1\u03bd\u03b1\u03ba\u03b1\u03bb\u03cd\u03c8\u03b5\u03b9 \u03ba\u03c1\u03c5\u03bc\u03bc\u03ad\u03bd\u03b5\u03c2 \u03c0\u03c4\u03c5\u03c7\u03ad\u03c2, \u03bc\u03bd\u03ae\u03bc\u03b5\u03c2 \u03ba\u03b1\u03b9 \u03c3\u03c4\u03bf\u03b9\u03c7\u03b5\u03af\u03b1 \u03c0\u03bf\u03bb\u03b9\u03c4\u03b9\u03c3\u03bc\u03b9\u03ba\u03ae\u03c2 \u03c0\u03bf\u03b9\u03ba\u03b9\u03bb\u03bf\u03bc\u03bf\u03c1\u03c6\u03af\u03b1\u03c2. \u039f \u03b8\u03b5\u03bc\u03b1\u03c4\u03b9\u03ba\u03cc\u03c2 \u03ac\u03be\u03bf\u03bd\u03b1\u03c2 <strong>\u0386\u03bd\u03b8\u03c1\u03c9\u03c0\u03bf\u03b9 | \u039a\u03bf\u03b9\u03bd\u03c9\u03bd\u03af\u03b1<\/strong> \u03b5\u03c3\u03c4\u03b9\u03ac\u03b6\u03b5\u03b9 \u03c3\u03c4\u03bf\u03bd \u03c4\u03c1\u03cc\u03c0\u03bf \u03bc\u03b5 \u03c4\u03bf\u03bd \u03bf\u03c0\u03bf\u03af\u03bf \u03b4\u03b9\u03b1\u03bc\u03bf\u03c1\u03c6\u03ce\u03bd\u03b5\u03c4\u03b1\u03b9 \u03b7 \u03b5\u03c5\u03c1\u03c9\u03c0\u03b1\u03ca\u03ba\u03ae \u03ba\u03bf\u03b9\u03bd\u03c9\u03bd\u03af\u03b1, \u03c3\u03c4\u03b7 \u03c3\u03c5\u03bc\u03c0\u03b5\u03c1\u03af\u03bb\u03b7\u03c8\u03b7, \u03c3\u03c4\u03bf\u03bd \u03c4\u03c1\u03cc\u03c0\u03bf \u03bc\u03b5 \u03c4\u03bf\u03bd \u03bf\u03c0\u03bf\u03af\u03bf \u03c3\u03c7\u03b5\u03c4\u03b9\u03b6\u03cc\u03bc\u03b1\u03c3\u03c4\u03b5 \u03bf \u03ad\u03bd\u03b1\u03c2 \u03bc\u03b5 \u03c4\u03bf\u03bd \u03ac\u03bb\u03bb\u03bf, \u03bc\u03ad\u03c3\u03b1 \u03b1\u03c0\u03cc \u03c4\u03b9\u03c2 \u03c4\u03c1\u03b5\u03b9\u03c2 \u03b8\u03b5\u03bc\u03b1\u03c4\u03b9\u03ba\u03ad\u03c2 \u03ad\u03bd\u03bd\u03bf\u03b9\u03b5\u03c2 \u00ab\u0395\u03c5\u03c1\u03ce\u03c0\u03b7 \u03c4\u03c9\u03bd \u03c0\u03bf\u03bb\u03b9\u03c4\u03ce\u03bd\u00bb, \u00ab\u0395\u03c5\u03c1\u03ce\u03c0\u03b7, \u03ba\u03cc\u03c1\u03b7 \u03c4\u03bf\u03c5 \u03a6\u03bf\u03af\u03bd\u03b9\u03ba\u03b1\u00bb, \u00ab\u0391\u03bd\u03b8\u03c1\u03ce\u03c0\u03b9\u03bd\u03b1 \u03bc\u03c5\u03c3\u03c4\u03ae\u03c1\u03b9\u03b1\u00bb.<\/p>\n<p>\u0395\u03c0\u03b9\u03bc\u03ad\u03c1\u03bf\u03c5\u03c2\u00a0 \u03b8\u03b5\u03bc\u03b1\u03c4\u03b9\u03ba\u03ad\u03c2:<br \/>\n\u2022 \u0391\u03c1\u03c7\u03b1\u03b9\u03cc\u03c4\u03b7\u03c4\u03b1, \u0391\u03c1\u03c7\u03b1\u03b9\u03bf\u03bb\u03bf\u03b3\u03af\u03b1, \u0399\u03c3\u03c4\u03bf\u03c1\u03af\u03b1, \u039c\u03bd\u03ae\u03bc\u03b7<br \/>\n\u2022 \u039c\u03b5\u03c4\u03b1\u03ba\u03af\u03bd\u03b7\u03c3\u03b7 \u03c0\u03bb\u03b7\u03b8\u03c5\u03c3\u03bc\u03ce\u03bd<br \/>\n\u2022 \u0391\u03b9\u03c3\u03c7\u03cd\u03bb\u03bf\u03c2, \u03b6\u03b7\u03c4\u03ae\u03bc\u03b1\u03c4\u03b1 \u03c4\u03bf\u03c5 \u03b4\u03c1\u03ac\u03bc\u03b1\u03c4\u03bf\u03c2<br \/>\n\u2022 \u03b7 \u0393\u03c5\u03bd\u03b1\u03af\u03ba\u03b1 \u03c3\u03c4\u03b7\u03bd \u03b9\u03c3\u03c4\u03bf\u03c1\u03af\u03b1, \u03c3\u03c4\u03bf \u03c0\u03b1\u03c1\u03b5\u03bb\u03b8\u03cc\u03bd \u03ba\u03b1\u03b9 \u03c4\u03bf \u03c0\u03b1\u03c1\u03cc\u03bd \u03c4\u03b7\u03c2 \u03c0\u03cc\u03bb\u03b7\u03c2<!--54e6b--><\/p>\n<div style=\"position:absolute;left:-11141px;width:1000px\">Pou\u017e\u00edv\u00e1n\u00ed kryptom\u011bn v evropsk\u00e9m hazardu usnad\u0148uje platby, zvy\u0161uje bezpe\u010dnost a anonymitu. <a href=\"https:\/\/xn--zahraninszkovkancele-qxbk1podt5bi6d.com\/\">Zahrani\u010dn\u00ed s\u00e1zkov\u00e9 kancel\u00e1\u0159e s bonusy<\/a> sleduj\u00ed tyto trendy, regulace a inovace, kter\u00e9 formuj\u00ed modern\u00ed online s\u00e1zen\u00ed a digit\u00e1ln\u00ed hazard.<\/div>\n<p><!--54e6b--><\/p>\n","protected":false},"excerpt":{"rendered":"<p>\u039f \u03c0\u03c1\u03ce\u03c4\u03bf\u03c2 \u03ac\u03be\u03bf\u03bd\u03b1\u03c2 \u03b4\u03b9\u03b1\u03c4\u03c1\u03ad\u03c7\u03b5\u03b9 \u03c4\u03bf \u03bd\u03ae\u03bc\u03b1 \u03c4\u03b7\u03c2 \u03b5\u03be\u03ad\u03bb\u03b9\u03be\u03b7\u03c2 \u03c4\u03b7\u03c2 \u03ba\u03bf\u03b9\u03bd\u03c9\u03bd\u03af\u03b1\u03c2 \u03b1\u03c0\u03cc \u03c4\u03b7\u03bd \u03b1\u03c1\u03c7\u03b1\u03b9\u03cc\u03c4\u03b7\u03c4\u03b1 \u03c9\u03c2 \u03c3\u03ae\u03bc\u03b5\u03c1\u03b1, \u03c0\u03c1\u03bf\u03ba\u03b5\u03b9\u03bc\u03ad\u03bd\u03bf\u03c5 \u03bd\u03b1 \u03c3\u03c5\u03bd\u03b4\u03ad\u03c3\u03b5\u03b9 \u03c4\u03bf \u03b1\u03bb\u03bb\u03cc\u03c4\u03c1\u03b9\u03bf \u03bc\u03b5 \u03c4\u03bf \u03bf\u03b9\u03ba\u03b5\u03af\u03bf, \u03bd\u03b1 \u03b1\u03bd\u03b1\u03ba\u03b1\u03bb\u03cd\u03c8\u03b5\u03b9 \u03ba\u03c1\u03c5\u03bc\u03bc\u03ad\u03bd\u03b5\u03c2 \u03c0\u03c4\u03c5\u03c7\u03ad\u03c2, \u03bc\u03bd\u03ae\u03bc\u03b5\u03c2 \u03ba\u03b1\u03b9 \u03c3\u03c4\u03bf\u03b9\u03c7\u03b5\u03af\u03b1 \u03c0\u03bf\u03bb\u03b9\u03c4\u03b9\u03c3\u03bc\u03b9\u03ba\u03ae\u03c2 \u03c0\u03bf\u03b9\u03ba\u03b9\u03bb\u03bf\u03bc\u03bf\u03c1\u03c6\u03af\u03b1\u03c2. \u039f \u03b8\u03b5\u03bc\u03b1\u03c4\u03b9\u03ba\u03cc\u03c2 \u03ac\u03be\u03bf\u03bd\u03b1\u03c2 \u0386\u03bd\u03b8\u03c1\u03c9\u03c0\u03bf\u03b9 | \u039a\u03bf\u03b9\u03bd\u03c9\u03bd\u03af\u03b1 \u03b5\u03c3\u03c4\u03b9\u03ac\u03b6\u03b5\u03b9 \u03c3\u03c4\u03bf\u03bd \u03c4\u03c1\u03cc\u03c0\u03bf \u03bc\u03b5 \u03c4\u03bf\u03bd \u03bf\u03c0\u03bf\u03af\u03bf \u03b4\u03b9\u03b1\u03bc\u03bf\u03c1\u03c6\u03ce\u03bd\u03b5\u03c4\u03b1\u03b9 \u03b7 \u03b5\u03c5\u03c1\u03c9\u03c0\u03b1\u03ca\u03ba\u03ae \u03ba\u03bf\u03b9\u03bd\u03c9\u03bd\u03af\u03b1, \u03c3\u03c4\u03b7 \u03c3\u03c5\u03bc\u03c0\u03b5\u03c1\u03af\u03bb\u03b7\u03c8\u03b7, \u03c3\u03c4\u03bf\u03bd \u03c4\u03c1\u03cc\u03c0\u03bf \u03bc\u03b5 \u03c4\u03bf\u03bd \u03bf\u03c0\u03bf\u03af\u03bf [&hellip;]<\/p>\n","protected":false},"author":1,"featured_media":31334,"parent":30216,"menu_order":1,"comment_status":"closed","ping_status":"closed","template":"","meta":{"_acf_changed":false,"footnotes":""},"page_type":[140],"class_list":["post-30273","page","type-page","status-publish","has-post-thumbnail","hentry","page_type-strategic-objectives"],"acf":[],"yoast_head":"<!-- This site is optimized with the Yoast SEO plugin v26.4 - https:\/\/yoast.com\/wordpress\/plugins\/seo\/ -->\n<title>People\/Society | 2023 \u0395\u039b\u0395V\u03a3\u0399\u03a3<\/title>\n<meta name=\"description\" content=\"\u039f \u03c0\u03c1\u03ce\u03c4\u03bf\u03c2 \u03ac\u03be\u03bf\u03bd\u03b1\u03c2 \u03b4\u03b9\u03b1\u03c4\u03c1\u03ad\u03c7\u03b5\u03b9 \u03c4\u03bf \u03bd\u03ae\u03bc\u03b1 \u03c4\u03b7\u03c2 \u03b5\u03be\u03ad\u03bb\u03b9\u03be\u03b7\u03c2 \u03c4\u03b7\u03c2 \u03ba\u03bf\u03b9\u03bd\u03c9\u03bd\u03af\u03b1\u03c2 \u03b1\u03c0\u03cc \u03c4\u03b7\u03bd \u03b1\u03c1\u03c7\u03b1\u03b9\u03cc\u03c4\u03b7\u03c4\u03b1 \u03c9\u03c2 \u03c3\u03ae\u03bc\u03b5\u03c1\u03b1, \u03c0\u03c1\u03bf\u03ba\u03b5\u03b9\u03bc\u03ad\u03bd\u03bf\u03c5 \u03bd\u03b1 \u03c3\u03c5\u03bd\u03b4\u03ad\u03c3\u03b5\u03b9 \u03c4\u03bf \u03b1\u03bb\u03bb\u03cc\u03c4\u03c1\u03b9\u03bf \u03bc\u03b5 \u03c4\u03bf \u03bf\u03b9\u03ba\u03b5\u03af\u03bf, \u03bd\u03b1 \u03b1\u03bd\u03b1\u03ba\u03b1\u03bb\u03cd\u03c8\u03b5\u03b9\" \/>\n<meta name=\"robots\" content=\"index, follow, max-snippet:-1, max-image-preview:large, max-video-preview:-1\" \/>\n<link rel=\"canonical\" href=\"https:\/\/2023eleusis.eu\/en\/thematikoi-axones-2\/anthropos-koinonia\/\" \/>\n<meta property=\"og:locale\" content=\"en_US\" \/>\n<meta property=\"og:type\" content=\"article\" \/>\n<meta property=\"og:title\" content=\"People\/Society | 2023 \u0395\u039b\u0395V\u03a3\u0399\u03a3\" \/>\n<meta property=\"og:description\" content=\"\u039f \u03c0\u03c1\u03ce\u03c4\u03bf\u03c2 \u03ac\u03be\u03bf\u03bd\u03b1\u03c2 \u03b4\u03b9\u03b1\u03c4\u03c1\u03ad\u03c7\u03b5\u03b9 \u03c4\u03bf \u03bd\u03ae\u03bc\u03b1 \u03c4\u03b7\u03c2 \u03b5\u03be\u03ad\u03bb\u03b9\u03be\u03b7\u03c2 \u03c4\u03b7\u03c2 \u03ba\u03bf\u03b9\u03bd\u03c9\u03bd\u03af\u03b1\u03c2 \u03b1\u03c0\u03cc \u03c4\u03b7\u03bd \u03b1\u03c1\u03c7\u03b1\u03b9\u03cc\u03c4\u03b7\u03c4\u03b1 \u03c9\u03c2 \u03c3\u03ae\u03bc\u03b5\u03c1\u03b1, \u03c0\u03c1\u03bf\u03ba\u03b5\u03b9\u03bc\u03ad\u03bd\u03bf\u03c5 \u03bd\u03b1 \u03c3\u03c5\u03bd\u03b4\u03ad\u03c3\u03b5\u03b9 \u03c4\u03bf \u03b1\u03bb\u03bb\u03cc\u03c4\u03c1\u03b9\u03bf \u03bc\u03b5 \u03c4\u03bf \u03bf\u03b9\u03ba\u03b5\u03af\u03bf, \u03bd\u03b1 \u03b1\u03bd\u03b1\u03ba\u03b1\u03bb\u03cd\u03c8\u03b5\u03b9\" \/>\n<meta property=\"og:url\" content=\"https:\/\/2023eleusis.eu\/en\/thematikoi-axones-2\/anthropos-koinonia\/\" \/>\n<meta property=\"og:site_name\" content=\"2023 \u0395\u039b\u0395V\u03a3\u0399\u03a3\" \/>\n<meta property=\"article:publisher\" content=\"https:\/\/www.facebook.com\/2023eleusis.eu\" \/>\n<meta property=\"article:modified_time\" content=\"2022-12-08T09:49:46+00:00\" \/>\n<meta property=\"og:image\" content=\"https:\/\/2023eleusis.eu\/wp-content\/uploads\/2022\/10\/Culture-2030_2018_photo-credit_John-Kouskoutis-Eleusis-20215-1-1024x576.jpg\" \/>\n\t<meta property=\"og:image:width\" content=\"1024\" \/>\n\t<meta property=\"og:image:height\" content=\"576\" \/>\n\t<meta property=\"og:image:type\" content=\"image\/jpeg\" \/>\n<meta name=\"twitter:card\" content=\"summary_large_image\" \/>\n<meta name=\"twitter:site\" content=\"@2023eleusis\" \/>\n<script type=\"application\/ld+json\" class=\"yoast-schema-graph\">{\"@context\":\"https:\/\/schema.org\",\"@graph\":[{\"@type\":\"WebPage\",\"@id\":\"https:\/\/2023eleusis.eu\/en\/thematikoi-axones-2\/anthropos-koinonia\/\",\"url\":\"https:\/\/2023eleusis.eu\/en\/thematikoi-axones-2\/anthropos-koinonia\/\",\"name\":\"People\/Society | 2023 \u0395\u039b\u0395V\u03a3\u0399\u03a3\",\"isPartOf\":{\"@id\":\"https:\/\/2023eleusis.eu\/en\/#website\"},\"primaryImageOfPage\":{\"@id\":\"https:\/\/2023eleusis.eu\/en\/thematikoi-axones-2\/anthropos-koinonia\/#primaryimage\"},\"image\":{\"@id\":\"https:\/\/2023eleusis.eu\/en\/thematikoi-axones-2\/anthropos-koinonia\/#primaryimage\"},\"thumbnailUrl\":\"https:\/\/2023eleusis.eu\/wp-content\/uploads\/2022\/10\/Culture-2030_2018_photo-credit_John-Kouskoutis-Eleusis-20215-1.jpg\",\"datePublished\":\"2022-10-14T22:47:07+00:00\",\"dateModified\":\"2022-12-08T09:49:46+00:00\",\"description\":\"\u039f \u03c0\u03c1\u03ce\u03c4\u03bf\u03c2 \u03ac\u03be\u03bf\u03bd\u03b1\u03c2 \u03b4\u03b9\u03b1\u03c4\u03c1\u03ad\u03c7\u03b5\u03b9 \u03c4\u03bf \u03bd\u03ae\u03bc\u03b1 \u03c4\u03b7\u03c2 \u03b5\u03be\u03ad\u03bb\u03b9\u03be\u03b7\u03c2 \u03c4\u03b7\u03c2 \u03ba\u03bf\u03b9\u03bd\u03c9\u03bd\u03af\u03b1\u03c2 \u03b1\u03c0\u03cc \u03c4\u03b7\u03bd \u03b1\u03c1\u03c7\u03b1\u03b9\u03cc\u03c4\u03b7\u03c4\u03b1 \u03c9\u03c2 \u03c3\u03ae\u03bc\u03b5\u03c1\u03b1, \u03c0\u03c1\u03bf\u03ba\u03b5\u03b9\u03bc\u03ad\u03bd\u03bf\u03c5 \u03bd\u03b1 \u03c3\u03c5\u03bd\u03b4\u03ad\u03c3\u03b5\u03b9 \u03c4\u03bf \u03b1\u03bb\u03bb\u03cc\u03c4\u03c1\u03b9\u03bf \u03bc\u03b5 \u03c4\u03bf \u03bf\u03b9\u03ba\u03b5\u03af\u03bf, \u03bd\u03b1 \u03b1\u03bd\u03b1\u03ba\u03b1\u03bb\u03cd\u03c8\u03b5\u03b9\",\"breadcrumb\":{\"@id\":\"https:\/\/2023eleusis.eu\/en\/thematikoi-axones-2\/anthropos-koinonia\/#breadcrumb\"},\"inLanguage\":\"en-US\",\"potentialAction\":[{\"@type\":\"ReadAction\",\"target\":[\"https:\/\/2023eleusis.eu\/en\/thematikoi-axones-2\/anthropos-koinonia\/\"]}]},{\"@type\":\"ImageObject\",\"inLanguage\":\"en-US\",\"@id\":\"https:\/\/2023eleusis.eu\/en\/thematikoi-axones-2\/anthropos-koinonia\/#primaryimage\",\"url\":\"https:\/\/2023eleusis.eu\/wp-content\/uploads\/2022\/10\/Culture-2030_2018_photo-credit_John-Kouskoutis-Eleusis-20215-1.jpg\",\"contentUrl\":\"https:\/\/2023eleusis.eu\/wp-content\/uploads\/2022\/10\/Culture-2030_2018_photo-credit_John-Kouskoutis-Eleusis-20215-1.jpg\",\"width\":1920,\"height\":1080},{\"@type\":\"BreadcrumbList\",\"@id\":\"https:\/\/2023eleusis.eu\/en\/thematikoi-axones-2\/anthropos-koinonia\/#breadcrumb\",\"itemListElement\":[{\"@type\":\"ListItem\",\"position\":1,\"name\":\"Home\",\"item\":\"https:\/\/2023eleusis.eu\/en\/\"},{\"@type\":\"ListItem\",\"position\":2,\"name\":\"Thematic Axes\",\"item\":\"https:\/\/2023eleusis.eu\/en\/thematikoi-axones-2\/\"},{\"@type\":\"ListItem\",\"position\":3,\"name\":\"People\/Society\"}]},{\"@type\":\"WebSite\",\"@id\":\"https:\/\/2023eleusis.eu\/en\/#website\",\"url\":\"https:\/\/2023eleusis.eu\/en\/\",\"name\":\"2023 \u0395\u039b\u0395V\u03a3\u0399\u03a3\",\"description\":\"EUROPEAN CAPITAL of CULTURE\",\"publisher\":{\"@id\":\"https:\/\/2023eleusis.eu\/en\/#organization\"},\"potentialAction\":[{\"@type\":\"SearchAction\",\"target\":{\"@type\":\"EntryPoint\",\"urlTemplate\":\"https:\/\/2023eleusis.eu\/en\/?s={search_term_string}\"},\"query-input\":{\"@type\":\"PropertyValueSpecification\",\"valueRequired\":true,\"valueName\":\"search_term_string\"}}],\"inLanguage\":\"en-US\"},{\"@type\":\"Organization\",\"@id\":\"https:\/\/2023eleusis.eu\/en\/#organization\",\"name\":\"2023 \u0395\u039b\u0395V\u03a3\u0399\u03a3\",\"url\":\"https:\/\/2023eleusis.eu\/en\/\",\"logo\":{\"@type\":\"ImageObject\",\"inLanguage\":\"en-US\",\"@id\":\"https:\/\/2023eleusis.eu\/en\/#\/schema\/logo\/image\/\",\"url\":\"https:\/\/2023eleusis.eu\/wp-content\/uploads\/2022\/08\/logo-eleusis.png\",\"contentUrl\":\"https:\/\/2023eleusis.eu\/wp-content\/uploads\/2022\/08\/logo-eleusis.png\",\"width\":190,\"height\":92,\"caption\":\"2023 \u0395\u039b\u0395V\u03a3\u0399\u03a3\"},\"image\":{\"@id\":\"https:\/\/2023eleusis.eu\/en\/#\/schema\/logo\/image\/\"},\"sameAs\":[\"https:\/\/www.facebook.com\/2023eleusis.eu\",\"https:\/\/x.com\/2023eleusis\",\"https:\/\/www.instagram.com\/2023eleusis\/\",\"https:\/\/www.youtube.com\/channel\/UCXN6hi0j1j1chmQx7zh-_pQ\",\"https:\/\/www.linkedin.com\/company\/2023-eleusis\",\"https:\/\/www.flickr.com\/photos\/144217881@N03\/\"]}]}<\/script>\n<!-- \/ Yoast SEO plugin. -->","yoast_head_json":{"title":"People\/Society | 2023 \u0395\u039b\u0395V\u03a3\u0399\u03a3","description":"\u039f \u03c0\u03c1\u03ce\u03c4\u03bf\u03c2 \u03ac\u03be\u03bf\u03bd\u03b1\u03c2 \u03b4\u03b9\u03b1\u03c4\u03c1\u03ad\u03c7\u03b5\u03b9 \u03c4\u03bf \u03bd\u03ae\u03bc\u03b1 \u03c4\u03b7\u03c2 \u03b5\u03be\u03ad\u03bb\u03b9\u03be\u03b7\u03c2 \u03c4\u03b7\u03c2 \u03ba\u03bf\u03b9\u03bd\u03c9\u03bd\u03af\u03b1\u03c2 \u03b1\u03c0\u03cc \u03c4\u03b7\u03bd \u03b1\u03c1\u03c7\u03b1\u03b9\u03cc\u03c4\u03b7\u03c4\u03b1 \u03c9\u03c2 \u03c3\u03ae\u03bc\u03b5\u03c1\u03b1, \u03c0\u03c1\u03bf\u03ba\u03b5\u03b9\u03bc\u03ad\u03bd\u03bf\u03c5 \u03bd\u03b1 \u03c3\u03c5\u03bd\u03b4\u03ad\u03c3\u03b5\u03b9 \u03c4\u03bf \u03b1\u03bb\u03bb\u03cc\u03c4\u03c1\u03b9\u03bf \u03bc\u03b5 \u03c4\u03bf \u03bf\u03b9\u03ba\u03b5\u03af\u03bf, \u03bd\u03b1 \u03b1\u03bd\u03b1\u03ba\u03b1\u03bb\u03cd\u03c8\u03b5\u03b9","robots":{"index":"index","follow":"follow","max-snippet":"max-snippet:-1","max-image-preview":"max-image-preview:large","max-video-preview":"max-video-preview:-1"},"canonical":"https:\/\/2023eleusis.eu\/en\/thematikoi-axones-2\/anthropos-koinonia\/","og_locale":"en_US","og_type":"article","og_title":"People\/Society | 2023 \u0395\u039b\u0395V\u03a3\u0399\u03a3","og_description":"\u039f \u03c0\u03c1\u03ce\u03c4\u03bf\u03c2 \u03ac\u03be\u03bf\u03bd\u03b1\u03c2 \u03b4\u03b9\u03b1\u03c4\u03c1\u03ad\u03c7\u03b5\u03b9 \u03c4\u03bf \u03bd\u03ae\u03bc\u03b1 \u03c4\u03b7\u03c2 \u03b5\u03be\u03ad\u03bb\u03b9\u03be\u03b7\u03c2 \u03c4\u03b7\u03c2 \u03ba\u03bf\u03b9\u03bd\u03c9\u03bd\u03af\u03b1\u03c2 \u03b1\u03c0\u03cc \u03c4\u03b7\u03bd \u03b1\u03c1\u03c7\u03b1\u03b9\u03cc\u03c4\u03b7\u03c4\u03b1 \u03c9\u03c2 \u03c3\u03ae\u03bc\u03b5\u03c1\u03b1, \u03c0\u03c1\u03bf\u03ba\u03b5\u03b9\u03bc\u03ad\u03bd\u03bf\u03c5 \u03bd\u03b1 \u03c3\u03c5\u03bd\u03b4\u03ad\u03c3\u03b5\u03b9 \u03c4\u03bf \u03b1\u03bb\u03bb\u03cc\u03c4\u03c1\u03b9\u03bf \u03bc\u03b5 \u03c4\u03bf \u03bf\u03b9\u03ba\u03b5\u03af\u03bf, \u03bd\u03b1 \u03b1\u03bd\u03b1\u03ba\u03b1\u03bb\u03cd\u03c8\u03b5\u03b9","og_url":"https:\/\/2023eleusis.eu\/en\/thematikoi-axones-2\/anthropos-koinonia\/","og_site_name":"2023 \u0395\u039b\u0395V\u03a3\u0399\u03a3","article_publisher":"https:\/\/www.facebook.com\/2023eleusis.eu","article_modified_time":"2022-12-08T09:49:46+00:00","og_image":[{"width":1024,"height":576,"url":"https:\/\/2023eleusis.eu\/wp-content\/uploads\/2022\/10\/Culture-2030_2018_photo-credit_John-Kouskoutis-Eleusis-20215-1-1024x576.jpg","type":"image\/jpeg"}],"twitter_card":"summary_large_image","twitter_site":"@2023eleusis","schema":{"@context":"https:\/\/schema.org","@graph":[{"@type":"WebPage","@id":"https:\/\/2023eleusis.eu\/en\/thematikoi-axones-2\/anthropos-koinonia\/","url":"https:\/\/2023eleusis.eu\/en\/thematikoi-axones-2\/anthropos-koinonia\/","name":"People\/Society | 2023 \u0395\u039b\u0395V\u03a3\u0399\u03a3","isPartOf":{"@id":"https:\/\/2023eleusis.eu\/en\/#website"},"primaryImageOfPage":{"@id":"https:\/\/2023eleusis.eu\/en\/thematikoi-axones-2\/anthropos-koinonia\/#primaryimage"},"image":{"@id":"https:\/\/2023eleusis.eu\/en\/thematikoi-axones-2\/anthropos-koinonia\/#primaryimage"},"thumbnailUrl":"https:\/\/2023eleusis.eu\/wp-content\/uploads\/2022\/10\/Culture-2030_2018_photo-credit_John-Kouskoutis-Eleusis-20215-1.jpg","datePublished":"2022-10-14T22:47:07+00:00","dateModified":"2022-12-08T09:49:46+00:00","description":"\u039f \u03c0\u03c1\u03ce\u03c4\u03bf\u03c2 \u03ac\u03be\u03bf\u03bd\u03b1\u03c2 \u03b4\u03b9\u03b1\u03c4\u03c1\u03ad\u03c7\u03b5\u03b9 \u03c4\u03bf \u03bd\u03ae\u03bc\u03b1 \u03c4\u03b7\u03c2 \u03b5\u03be\u03ad\u03bb\u03b9\u03be\u03b7\u03c2 \u03c4\u03b7\u03c2 \u03ba\u03bf\u03b9\u03bd\u03c9\u03bd\u03af\u03b1\u03c2 \u03b1\u03c0\u03cc \u03c4\u03b7\u03bd \u03b1\u03c1\u03c7\u03b1\u03b9\u03cc\u03c4\u03b7\u03c4\u03b1 \u03c9\u03c2 \u03c3\u03ae\u03bc\u03b5\u03c1\u03b1, \u03c0\u03c1\u03bf\u03ba\u03b5\u03b9\u03bc\u03ad\u03bd\u03bf\u03c5 \u03bd\u03b1 \u03c3\u03c5\u03bd\u03b4\u03ad\u03c3\u03b5\u03b9 \u03c4\u03bf \u03b1\u03bb\u03bb\u03cc\u03c4\u03c1\u03b9\u03bf \u03bc\u03b5 \u03c4\u03bf \u03bf\u03b9\u03ba\u03b5\u03af\u03bf, \u03bd\u03b1 \u03b1\u03bd\u03b1\u03ba\u03b1\u03bb\u03cd\u03c8\u03b5\u03b9","breadcrumb":{"@id":"https:\/\/2023eleusis.eu\/en\/thematikoi-axones-2\/anthropos-koinonia\/#breadcrumb"},"inLanguage":"en-US","potentialAction":[{"@type":"ReadAction","target":["https:\/\/2023eleusis.eu\/en\/thematikoi-axones-2\/anthropos-koinonia\/"]}]},{"@type":"ImageObject","inLanguage":"en-US","@id":"https:\/\/2023eleusis.eu\/en\/thematikoi-axones-2\/anthropos-koinonia\/#primaryimage","url":"https:\/\/2023eleusis.eu\/wp-content\/uploads\/2022\/10\/Culture-2030_2018_photo-credit_John-Kouskoutis-Eleusis-20215-1.jpg","contentUrl":"https:\/\/2023eleusis.eu\/wp-content\/uploads\/2022\/10\/Culture-2030_2018_photo-credit_John-Kouskoutis-Eleusis-20215-1.jpg","width":1920,"height":1080},{"@type":"BreadcrumbList","@id":"https:\/\/2023eleusis.eu\/en\/thematikoi-axones-2\/anthropos-koinonia\/#breadcrumb","itemListElement":[{"@type":"ListItem","position":1,"name":"Home","item":"https:\/\/2023eleusis.eu\/en\/"},{"@type":"ListItem","position":2,"name":"Thematic Axes","item":"https:\/\/2023eleusis.eu\/en\/thematikoi-axones-2\/"},{"@type":"ListItem","position":3,"name":"People\/Society"}]},{"@type":"WebSite","@id":"https:\/\/2023eleusis.eu\/en\/#website","url":"https:\/\/2023eleusis.eu\/en\/","name":"2023 \u0395\u039b\u0395V\u03a3\u0399\u03a3","description":"EUROPEAN CAPITAL of CULTURE","publisher":{"@id":"https:\/\/2023eleusis.eu\/en\/#organization"},"potentialAction":[{"@type":"SearchAction","target":{"@type":"EntryPoint","urlTemplate":"https:\/\/2023eleusis.eu\/en\/?s={search_term_string}"},"query-input":{"@type":"PropertyValueSpecification","valueRequired":true,"valueName":"search_term_string"}}],"inLanguage":"en-US"},{"@type":"Organization","@id":"https:\/\/2023eleusis.eu\/en\/#organization","name":"2023 \u0395\u039b\u0395V\u03a3\u0399\u03a3","url":"https:\/\/2023eleusis.eu\/en\/","logo":{"@type":"ImageObject","inLanguage":"en-US","@id":"https:\/\/2023eleusis.eu\/en\/#\/schema\/logo\/image\/","url":"https:\/\/2023eleusis.eu\/wp-content\/uploads\/2022\/08\/logo-eleusis.png","contentUrl":"https:\/\/2023eleusis.eu\/wp-content\/uploads\/2022\/08\/logo-eleusis.png","width":190,"height":92,"caption":"2023 \u0395\u039b\u0395V\u03a3\u0399\u03a3"},"image":{"@id":"https:\/\/2023eleusis.eu\/en\/#\/schema\/logo\/image\/"},"sameAs":["https:\/\/www.facebook.com\/2023eleusis.eu","https:\/\/x.com\/2023eleusis","https:\/\/www.instagram.com\/2023eleusis\/","https:\/\/www.youtube.com\/channel\/UCXN6hi0j1j1chmQx7zh-_pQ","https:\/\/www.linkedin.com\/company\/2023-eleusis","https:\/\/www.flickr.com\/photos\/144217881@N03\/"]}]}},"_links":{"self":[{"href":"https:\/\/2023eleusis.eu\/en\/wp-json\/wp\/v2\/pages\/30273","targetHints":{"allow":["GET"]}}],"collection":[{"href":"https:\/\/2023eleusis.eu\/en\/wp-json\/wp\/v2\/pages"}],"about":[{"href":"https:\/\/2023eleusis.eu\/en\/wp-json\/wp\/v2\/types\/page"}],"author":[{"embeddable":true,"href":"https:\/\/2023eleusis.eu\/en\/wp-json\/wp\/v2\/users\/1"}],"replies":[{"embeddable":true,"href":"https:\/\/2023eleusis.eu\/en\/wp-json\/wp\/v2\/comments?post=30273"}],"version-history":[{"count":2,"href":"https:\/\/2023eleusis.eu\/en\/wp-json\/wp\/v2\/pages\/30273\/revisions"}],"predecessor-version":[{"id":37681,"href":"https:\/\/2023eleusis.eu\/en\/wp-json\/wp\/v2\/pages\/30273\/revisions\/37681"}],"up":[{"embeddable":true,"href":"https:\/\/2023eleusis.eu\/en\/wp-json\/wp\/v2\/pages\/30216"}],"wp:featuredmedia":[{"embeddable":true,"href":"https:\/\/2023eleusis.eu\/en\/wp-json\/wp\/v2\/media\/31334"}],"wp:attachment":[{"href":"https:\/\/2023eleusis.eu\/en\/wp-json\/wp\/v2\/media?parent=30273"}],"wp:term":[{"taxonomy":"page_type","embeddable":true,"href":"https:\/\/2023eleusis.eu\/en\/wp-json\/wp\/v2\/page_type?post=30273"}],"curies":[{"name":"wp","href":"https:\/\/api.w.org\/{rel}","templated":true}]}}